{"id":996,"date":"2021-07-20T11:21:49","date_gmt":"2021-07-20T09:21:49","guid":{"rendered":"https:\/\/beta.slicecube.com\/polityka-prywatnosci\/"},"modified":"2021-10-14T13:14:18","modified_gmt":"2021-10-14T11:14:18","slug":"polityka-prywatnosci","status":"publish","type":"page","link":"https:\/\/slicecube.com\/pl\/polityka-prywatnosci\/","title":{"rendered":"Polityka prywatno\u015bci"},"content":{"rendered":"\n<h1 class=\"wp-block-heading\">Polityka prywatno\u015bci opisuje zasady przetwarzania przez nas informacji na Tw\u00f3j temat, w tym danych osobowych oraz ciasteczek, czyli tzw. cookies.<\/h1>\n\n\n\n<p>Podanie danych osobowych, a tak\u017ce zgoda na ich przetwarzanie s\u0105 ca\u0142kowicie dobrowolne. Wszelkie przekazane nam dane osobowe s\u0105 przetwarzane wy\u0142\u0105cznie w zakresie i celu, na jaki wyrazi\u0142e\u015b zgod\u0119. Prosimy, aby\u015b pami\u0119ta\u0142, \u017ce w ka\u017cdej chwili masz prawo do aktualizacji lub ca\u0142kowitego usuni\u0119cia swoich danych osobowych. Mo\u017cesz to zrobi\u0107 samodzielnie, jak i korzystaj\u0105c z naszej pomocy, kt\u00f3rej ch\u0119tnie udzielimy. Wierzymy, \u017ce zapoznanie si\u0119 z nasz\u0105 polityk\u0105 prywatno\u015bci pozwoli Ci poczu\u0107 si\u0119 bezpiecznie!<\/p>\n\n\n\n<h1 class=\"wp-block-heading\">I. Informacje og\u00f3lne<\/h1>\n\n\n\n<ol class=\"wp-block-list\"><li>Niniejsza polityka dotyczy Serwisu www, funkcjonuj\u0105cego pod adresem url: <em>www.SliceCube.com<\/em><\/li><li>Operatorem serwisu oraz Administratorem Danych Osobowych (dalej ADO), czyli odpowiedzialnym za zapewnienie bezpiecze\u0144stwa Twoim danym osobowym jest: <br><em>Slice Cube Adam B\u0119czkowski <br>ul. Genera\u0142a W\u0142adys\u0142awa Sikorskiego 9A\/9, <br>75-360 Koszalin<br>NIP: 6722019414<br>REGON: 362715448<\/em><\/li><li>Adres kontaktowy poczty elektronicznej operatora: <em>contact@slicecube.com<\/em><\/li><li>Operator jest Administratorem Twoich danych osobowych w odniesieniu do danych podanych dobrowolnie w Serwisie.<\/li><li>Serwis wykorzystuje dane osobowe w nast\u0119puj\u0105cych celach:<ul><li>Prowadzenie newslettera<\/li><li>Obs\u0142uga zapyta\u0144 przez formularz<\/li><li>Prezentacja oferty lub informacji<\/li><\/ul><\/li><li>Serwis realizuje funkcje pozyskiwania informacji o u\u017cytkownikach i ich zachowaniu w nast\u0119puj\u0105cy spos\u00f3b:<ul><li>Poprzez dobrowolnie wprowadzone w formularzach dane, kt\u00f3re zostaj\u0105 wprowadzone do system\u00f3w Operatora.<\/li><li>Poprzez zapisywanie w urz\u0105dzeniach ko\u0144cowych plik\u00f3w cookie (tzw. \u201eciasteczka\u201d).<\/li><\/ul><\/li><\/ol>\n\n\n\n<h1 class=\"wp-block-heading\">II. Wybrane metody ochrony danych stosowane przez Operatora<\/h1>\n\n\n\n<ol class=\"wp-block-list\"><li>Miejsca logowania i wprowadzania danych osobowych s\u0105 chronione w warstwie transmisji (certyfikat SSL). Dzi\u0119ki temu dane osobowe i dane logowania, wprowadzone na stronie, zostaj\u0105 zaszyfrowane w komputerze u\u017cytkownika i mog\u0105 by\u0107 odczytane jedynie na docelowym serwerze.<\/li><li>Operator okresowo zmienia swoje has\u0142a administracyjne.<\/li><li>Istotnym elementem ochrony danych jest regularna aktualizacja wszelkiego oprogramowania, wykorzystywanego przez Operatora do przetwarzania danych osobowych, co w szczeg\u00f3lno\u015bci oznacza regularne aktualizacje komponent\u00f3w programistycznych.<\/li><\/ol>\n\n\n\n<h1 class=\"wp-block-heading\">III. Hosting<\/h1>\n\n\n\n<ol class=\"wp-block-list\"><li>Serwis jest hostowany (technicznie utrzymywany) na serwerach operatora: <em>zenbox.pl<\/em><\/li><\/ol>\n\n\n\n<h1 class=\"wp-block-heading\">IV. Twoje prawa i dodatkowe informacje o sposobie wykorzystania danych<\/h1>\n\n\n\n<ol class=\"wp-block-list\"><li>W niekt\u00f3rych sytuacjach Administrator ma prawo przekazywa\u0107 Twoje dane osobowe innym odbiorcom, je\u015bli b\u0119dzie to niezb\u0119dne do wykonania zawartej z Tob\u0105 umowy lub do zrealizowania obowi\u0105zk\u00f3w ci\u0105\u017c\u0105cych na Administratorze. Dotyczy to takich grup odbiorc\u00f3w:<ul><li>firma hostingowa na zasadzie powierzenia<\/li><li>operatorzy pocztowi<\/li><\/ul><\/li><li>Przekazane dane osobowe b\u0119d\u0105 przechowywane a\u017c do chwili odwo\u0142ania zgody\/wniesienia wniosku o usuni\u0119cie danych.<\/li><li>Przys\u0142uguje Ci prawo \u017c\u0105dania od Administratora:<ul><li>dost\u0119pu do danych osobowych Ciebie dotycz\u0105cych,<\/li><li>ich sprostowania,<\/li><li>usuni\u0119cia,<\/li><li>ograniczenia przetwarzania,<\/li><li>oraz przenoszenia danych.<\/li><\/ul><\/li><li>Na dzia\u0142ania Administratora przys\u0142uguje skarga do Prezesa Urz\u0119du Ochrony Danych Osobowych, ul. Stawki 2, 00-193 Warszawa.<\/li><li>Podanie danych osobowych jest dobrowolne, lecz niezb\u0119dne do obs\u0142ugi Serwisu.<\/li><li>W stosunku do Ciebie mog\u0105 by\u0107 podejmowane czynno\u015bci polegaj\u0105ce na zautomatyzowanym podejmowaniu decyzji, w tym profilowaniu w celu \u015bwiadczenia us\u0142ug w ramach zawartej umowy oraz w celu prowadzenia przez Administratora marketingu bezpo\u015bredniego.<\/li><li>Dane osobowe s\u0105 przekazywane do kraj\u00f3w trzecich w rozumieniu przepis\u00f3w o ochronie danych osobowych. Oznacza to, \u017ce przesy\u0142amy je poza teren Unii Europejskiej.<\/li><li>W szczeg\u00f3lnych sytuacjach, w kt\u00f3rych obowi\u0105zuj\u0105ce prawo nakazuje ADO przekazywanie zebranych danych organom pa\u0144stwowym, <em>SliceCube.com<\/em> dane takie udost\u0119pni. Za wyj\u0105tkiem tych sytuacji, Twoje dane osobowe w zakresie dozwolonym przez prawo na podstawie odr\u0119bnych um\u00f3w powierzenia przekazywane okre\u015blonym podmiotom wy\u0142\u0105cznie i w zwi\u0105zku z konieczno\u015bci\u0105 realizacji umownego lub prawnego obowi\u0105zku ADO. Do kategorii podmiot\u00f3w jakim mog\u0105 by\u0107 przekazywane dane nale\u017c\u0105: agencje reklamowe, dostawcy us\u0142ug IT. W przypadku takiego przekazania, ADO zawiera z tymi podmiotami stosowne umowy powierzenia, gwarantuj\u0105ce najwy\u017cszy standard ochrony i zachowanie poufno\u015bci oraz bezpiecze\u0144stwa danych osobowych, a tak\u017ce ich wykorzystanie jedynie w celu realizacji umownego lub prawnego obowi\u0105zku Administratora Danych Osobowych.<\/li><\/ol>\n\n\n\n<h1 class=\"wp-block-heading\">V. Informacje w formularzach<\/h1>\n\n\n\n<ol class=\"wp-block-list\"><li>Serwis zbiera informacje podane dobrowolnie przez u\u017cytkownika, w tym dane osobowe, o ile zostan\u0105 one podane.<\/li><li>Serwis mo\u017ce zapisa\u0107 informacje o parametrach po\u0142\u0105czenia (oznaczenie czasu, adres IP).<\/li><li>Serwis, w niekt\u00f3rych wypadkach, mo\u017ce zapisa\u0107 informacj\u0119 u\u0142atwiaj\u0105c\u0105 powi\u0105zanie danych w formularzu z adresem e-mail u\u017cytkownika wype\u0142niaj\u0105cego formularz. W takim wypadku adres e-mail u\u017cytkownika pojawia si\u0119 wewn\u0105trz adresu url strony zawieraj\u0105cej formularz.<\/li><li>Dane podane w formularzu s\u0105 przetwarzane w celu wynikaj\u0105cym z funkcji konkretnego formularza, np. w celu dokonania procesu obs\u0142ugi zg\u0142oszenia serwisowego lub kontaktu handlowego, rejestracji us\u0142ug itp. Ka\u017cdorazowo kontekst i opis formularza w czytelny spos\u00f3b informuje, do czego on s\u0142u\u017cy.<\/li><\/ol>\n\n\n\n<h1 class=\"wp-block-heading\">VI. Logi Administratora<\/h1>\n\n\n\n<ol class=\"wp-block-list\"><li>Informacje o zachowaniu u\u017cytkownik\u00f3w w serwisie mog\u0105 podlega\u0107 logowaniu. Dane te s\u0105 wykorzystywane w celu administrowania serwisem.<\/li><\/ol>\n\n\n\n<h1 class=\"wp-block-heading\">VII. Istotne techniki marketingowe<\/h1>\n\n\n\n<ol class=\"wp-block-list\"><li>Operator stosuje analiz\u0119 statystyczn\u0105 ruchu na stronie, poprzez Google Analytics (Google Inc. z siedzib\u0105 w USA). Operator nie przekazuje do operatora tej us\u0142ugi danych osobowych, a jedynie zanonimizowane informacje. Us\u0142uga bazuje na wykorzystaniu ciasteczek w urz\u0105dzeniu ko\u0144cowym u\u017cytkownika. W zakresie informacji o preferencjach u\u017cytkownika gromadzonych przez sie\u0107 reklamow\u0105 Google u\u017cytkownik mo\u017ce przegl\u0105da\u0107 i edytowa\u0107 informacje wynikaj\u0105ce z plik\u00f3w cookies przy pomocy narz\u0119dzia: <a rel=\"noreferrer noopener\" href=\"https:\/\/adssettings.google.com\/\" target=\"_blank\">https:\/\/www<\/a><a href=\"https:\/\/adssettings.google.com\/\" target=\"_blank\" rel=\"noreferrer noopener\">.<\/a><a href=\"https:\/\/www.adssettings.google.com\/\" target=\"_blank\" rel=\"noreferrer noopener\">adssettings.google.com\/<\/a><\/li><li>Operator stosuje korzysta z piksela Facebooka. Ta technologia powoduje, \u017ce serwis Facebook (Facebook Inc. z siedzib\u0105 w USA) wie, \u017ce dana osoba w nim zarejestrowana korzysta z Serwisu. Bazuje w tym wypadku na danych, wobec kt\u00f3rych sam jest administratorem, Operator nie przekazuje od siebie \u017cadnych dodatkowych danych osobowych serwisowi Facebook. Us\u0142uga bazuje na wykorzystaniu ciasteczek w urz\u0105dzeniu ko\u0144cowym u\u017cytkownika.<\/li><\/ol>\n\n\n\n<h1 class=\"wp-block-heading\">VIII. Informacja o plikach cookies<\/h1>\n\n\n\n<ol class=\"wp-block-list\"><li>Serwis korzysta z plik\u00f3w cookies.<\/li><li>Pliki cookies (tzw. \u201eciasteczka\u201d) stanowi\u0105 dane informatyczne, w szczeg\u00f3lno\u015bci pliki tekstowe, kt\u00f3re przechowywane s\u0105 w urz\u0105dzeniu ko\u0144cowym U\u017cytkownika Serwisu i przeznaczone s\u0105 do korzystania ze stron internetowych Serwisu. Cookies zazwyczaj zawieraj\u0105 nazw\u0119 strony internetowej, z kt\u00f3rej pochodz\u0105, czas przechowywania ich na urz\u0105dzeniu ko\u0144cowym oraz unikalny numer.<\/li><li>Podmiotem zamieszczaj\u0105cym na urz\u0105dzeniu ko\u0144cowym U\u017cytkownika Serwisu pliki cookies oraz uzyskuj\u0105cym do nich dost\u0119p jest operator Serwisu.<\/li><li>Pliki cookies wykorzystywane s\u0105 w nast\u0119puj\u0105cych celach:<ul><li>utrzymanie sesji u\u017cytkownika Serwisu (po zalogowaniu), dzi\u0119ki kt\u00f3rej u\u017cytkownik nie musi na ka\u017cdej podstronie Serwisu ponownie wpisywa\u0107 loginu i has\u0142a;<\/li><li>realizacji cel\u00f3w okre\u015blonych powy\u017cej w cz\u0119\u015bci &#8222;Istotne techniki marketingowe&#8221;;<\/li><\/ul><\/li><li>W ramach Serwisu stosowane s\u0105 dwa zasadnicze rodzaje plik\u00f3w cookies: \u201esesyjne\u201d (session cookies) oraz \u201esta\u0142e\u201d (persistent cookies). Cookies \u201esesyjne\u201d s\u0105 plikami tymczasowymi, kt\u00f3re przechowywane s\u0105 w urz\u0105dzeniu ko\u0144cowym U\u017cytkownika do czasu wylogowania, opuszczenia strony internetowej lub wy\u0142\u0105czenia oprogramowania (przegl\u0105darki internetowej). \u201eSta\u0142e\u201d pliki cookies przechowywane s\u0105 w urz\u0105dzeniu ko\u0144cowym U\u017cytkownika przez czas okre\u015blony w parametrach plik\u00f3w cookies lub do czasu ich usuni\u0119cia przez U\u017cytkownika.<\/li><li>Oprogramowanie do przegl\u0105dania stron internetowych (przegl\u0105darka internetowa) zazwyczaj domy\u015blnie dopuszcza przechowywanie plik\u00f3w cookies w urz\u0105dzeniu ko\u0144cowym U\u017cytkownika. U\u017cytkownicy Serwisu mog\u0105 dokona\u0107 zmiany ustawie\u0144 w tym zakresie. Przegl\u0105darka internetowa umo\u017cliwia usuni\u0119cie plik\u00f3w cookies. Mo\u017cliwe jest tak\u017ce automatyczne blokowanie plik\u00f3w cookies Szczeg\u00f3\u0142owe informacje na ten temat zawiera pomoc lub dokumentacja przegl\u0105darki internetowej.<\/li><li>Ograniczenia stosowania plik\u00f3w cookies mog\u0105 wp\u0142yn\u0105\u0107 na niekt\u00f3re funkcjonalno\u015bci dost\u0119pne na stronach internetowych Serwisu.<\/li><li>Pliki cookies zamieszczane w urz\u0105dzeniu ko\u0144cowym U\u017cytkownika Serwisu wykorzystywane mog\u0105 by\u0107 r\u00f3wnie\u017c przez wsp\u00f3\u0142pracuj\u0105ce z operatorem Serwisu podmioty, w szczeg\u00f3lno\u015bci dotyczy to firm: Google (Google Inc. z siedzib\u0105 w USA), Facebook (Facebook Inc. z siedzib\u0105 w USA), Twitter (Twitter Inc. z siedzib\u0105 w USA).<\/li><\/ol>\n\n\n\n<h1 class=\"wp-block-heading\">IX. Sieci spo\u0142eczno\u015bciowe i partnerzy<\/h1>\n\n\n\n<p><em>SliceCube.com<\/em> bardzo starannie dobiera swoich partner\u00f3w biznesowych i r\u00f3wnie starannie weryfikuje zamieszczanie w <em>SliceCube.com<\/em> linki do innych stron internetowych.  SliceCube.com nie odpowiada jednak za standard i polityk\u0119 ochrony prywatno\u015bci stosowan\u0105 przez w\u0142a\u015bcicieli, operator\u00f3w czy administrator\u00f3w tych stron. Dlatego zalecamy weryfikacj\u0119 ka\u017cdego z naszych partner\u00f3w w zakresie w\u0142asnym i samodzielne podj\u0119cie decyzji, czy chcesz powierzy\u0107 im Twoje dane osobowe.<\/p>\n\n\n\n<ul class=\"wp-block-list\"><li><a rel=\"noreferrer noopener\" href=\"https:\/\/policies.google.com\/?hl=pl&amp;gl=pl\" target=\"_blank\">Google<\/a><\/li><li><a rel=\"noreferrer noopener\" href=\"https:\/\/www.facebook.com\/about\/privacy\/cookies\" target=\"_blank\">Facebook<\/a><\/li><li><a rel=\"noreferrer noopener\" href=\"https:\/\/help.instagram.com\/519522125107875\" target=\"_blank\">Instagram<\/a><\/li><li><a rel=\"noreferrer noopener\" href=\"https:\/\/pl.linkedin.com\/legal\/privacy-policy?trk=homepage-basic_footer-privacy-policy\" target=\"_blank\">LinkedIn<\/a><\/li><li><a href=\"https:\/\/mailchimp.com\/legal\/privacy\/\" target=\"_blank\" rel=\"noreferrer noopener\">Mailchimp&#8217;s<\/a><\/li><\/ul>\n\n\n\n<h1 class=\"wp-block-heading\">X. Zarz\u0105dzanie plikami cookies \u2013 jak w praktyce wyra\u017ca\u0107 i cofa\u0107 zgod\u0119?<\/h1>\n\n\n\n<ol class=\"wp-block-list\"><li>Je\u015bli u\u017cytkownik nie chce otrzymywa\u0107 plik\u00f3w cookies, mo\u017ce zmieni\u0107 ustawienia przegl\u0105darki. Zastrzegamy, \u017ce wy\u0142\u0105czenie obs\u0142ugi plik\u00f3w cookies niezb\u0119dnych dla proces\u00f3w uwierzytelniania, bezpiecze\u0144stwa, utrzymania preferencji u\u017cytkownika mo\u017ce utrudni\u0107, a w skrajnych przypadkach mo\u017ce uniemo\u017cliwi\u0107 korzystanie ze stron www.<\/li><li>W celu zarz\u0105dzania ustawienia cookies wybierz z listy poni\u017cej przegl\u0105dark\u0119 internetow\u0105, kt\u00f3rej u\u017cywasz i post\u0119puj zgodnie z instrukcjami:<ul><li><a rel=\"noreferrer noopener\" href=\"https:\/\/support.microsoft.com\/pl-pl\/microsoft-edge\/wy%C5%9Bwietlanie-i-usuwanie-historii-przegl%C4%85darki-w-programie-microsoft-edge-00cf7943-a9e1-975a-a33d-ac10ce454ca4\" target=\"_blank\">Edge<\/a><\/li><li><a rel=\"noreferrer noopener\" href=\"https:\/\/support.microsoft.com\/pl-pl\/topic\/jak-usun%C4%85%C4%87-pliki-cookie-w-programie-internet-explorer-bca9446f-d873-78de-77ba-d42645fa52fc\" target=\"_blank\">Internet Explorer<\/a><\/li><li><a rel=\"noreferrer noopener\" href=\"https:\/\/support.google.com\/chrome\/answer\/95647?hl=pl\" target=\"_blank\">Chrome<\/a><\/li><li><a href=\"https:\/\/support.apple.com\/pl-pl\/guide\/safari\/sfri11471\/mac\">Safari<\/a><\/li><li><a rel=\"noreferrer noopener\" href=\"https:\/\/support.mozilla.org\/pl\/kb\/wzmocniona-ochrona-przed-sledzeniem-firefox-desktop?redirectslug=W%C5%82%C4%85czanie+i+wy%C5%82%C4%85czanie+obs%C5%82ugi+ciasteczek&amp;redirectlocale=pl\" target=\"_blank\">Firefox<\/a><\/li><li><a rel=\"noreferrer noopener\" href=\"https:\/\/help.opera.com\/pl\/latest\/web-preferences\/#cookies\" target=\"_blank\">Opera<\/a><\/li><\/ul><\/li><li>Urz\u0105dzenia mobilne:<ul><li><a rel=\"noreferrer noopener\" href=\"https:\/\/support.google.com\/chrome\/answer\/95647?hl=pl\" target=\"_blank\">Android<\/a><\/li><li><a rel=\"noreferrer noopener\" href=\"https:\/\/support.apple.com\/pl-pl\/HT201265\" target=\"_blank\">Safari (iOS)<\/a><\/li><li><a rel=\"noreferrer noopener\" href=\"https:\/\/support.microsoft.com\/pl-pl\/windows\/windows-phone-7-3ebc303c-59c0-d367-3995-f258b184fabb\" target=\"_blank\">Windows Phone<\/a><\/li><\/ul><\/li><\/ol>\n\n\n\n<h1 class=\"wp-block-heading\">XI. Zmiana polityki prywatno\u015bci SliceCube.com<\/h1>\n\n\n\n<p><em>SliceCube.com<\/em> zastrzega sobie prawo zmiany polityki prywatno\u015bci, o ile b\u0119dzie wymaga\u0107 tego obowi\u0105zuj\u0105ce prawo, ulegn\u0105 zmianie warunki technologiczne funkcjonowania <em>SliceCube.com<\/em>. Aktualny tekst polityki prywatno\u015bci zawsze b\u0119dzie znajdowa\u0107 si\u0119 pod adresem <a href=\"https:\/\/www.slicecube.com\/polityka-prywatnosci\/\">https:\/\/www.slicecube.com\/polityka-prywatnosci\/<\/a><\/p>\n","protected":false},"excerpt":{"rendered":"<p>Polityka prywatno\u015bci opisuje zasady przetwarzania przez nas informacji na Tw\u00f3j temat, w tym danych osobowych oraz ciasteczek, czyli tzw. cookies. Podanie danych osobowych, a tak\u017ce zgoda na ich przetwarzanie s\u0105 ca\u0142kowicie dobrowolne. Wszelkie przekazane nam dane osobowe s\u0105 przetwarzane wy\u0142\u0105cznie w zakresie i celu, na jaki wyrazi\u0142e\u015b zgod\u0119. Prosimy, aby\u015b pami\u0119ta\u0142, \u017ce w ka\u017cdej chwili [&hellip;]<\/p>\n","protected":false},"author":1,"featured_media":0,"parent":0,"menu_order":0,"comment_status":"closed","ping_status":"closed","template":"","meta":{"footnotes":""},"class_list":["post-996","page","type-page","status-publish","hentry"],"_links":{"self":[{"href":"https:\/\/slicecube.com\/pl\/wp-json\/wp\/v2\/pages\/996"}],"collection":[{"href":"https:\/\/slicecube.com\/pl\/wp-json\/wp\/v2\/pages"}],"about":[{"href":"https:\/\/slicecube.com\/pl\/wp-json\/wp\/v2\/types\/page"}],"author":[{"embeddable":true,"href":"https:\/\/slicecube.com\/pl\/wp-json\/wp\/v2\/users\/1"}],"replies":[{"embeddable":true,"href":"https:\/\/slicecube.com\/pl\/wp-json\/wp\/v2\/comments?post=996"}],"version-history":[{"count":1,"href":"https:\/\/slicecube.com\/pl\/wp-json\/wp\/v2\/pages\/996\/revisions"}],"predecessor-version":[{"id":997,"href":"https:\/\/slicecube.com\/pl\/wp-json\/wp\/v2\/pages\/996\/revisions\/997"}],"wp:attachment":[{"href":"https:\/\/slicecube.com\/pl\/wp-json\/wp\/v2\/media?parent=996"}],"curies":[{"name":"wp","href":"https:\/\/api.w.org\/{rel}","templated":true}]}}