{"id":993,"date":"2021-07-21T22:34:05","date_gmt":"2021-07-21T20:34:05","guid":{"rendered":"https:\/\/beta.slicecube.com\/contact\/"},"modified":"2021-10-14T13:13:36","modified_gmt":"2021-10-14T11:13:36","slug":"kontakt","status":"publish","type":"page","link":"https:\/\/slicecube.com\/pl\/kontakt\/","title":{"rendered":"Kontakt"},"content":{"rendered":"\n<p>Chcesz podzieli\u0107 si\u0119 z nami wa\u017cna opini\u0105?<br>Masz pomys\u0142 na projekt i szukasz pomocy?<br>Napisz do nas a my odpiszemy tak szybko jak to mo\u017cliwe.<\/p>\n","protected":false},"excerpt":{"rendered":"<p>Chcesz podzieli\u0107 si\u0119 z nami wa\u017cna opini\u0105?Masz pomys\u0142 na projekt i szukasz pomocy?Napisz do nas a my odpiszemy tak szybko jak to mo\u017cliwe.<\/p>\n","protected":false},"author":1,"featured_media":0,"parent":0,"menu_order":0,"comment_status":"closed","ping_status":"closed","template":"template_contact.php","meta":{"footnotes":""},"class_list":["post-993","page","type-page","status-publish","hentry"],"_links":{"self":[{"href":"https:\/\/slicecube.com\/pl\/wp-json\/wp\/v2\/pages\/993"}],"collection":[{"href":"https:\/\/slicecube.com\/pl\/wp-json\/wp\/v2\/pages"}],"about":[{"href":"https:\/\/slicecube.com\/pl\/wp-json\/wp\/v2\/types\/page"}],"author":[{"embeddable":true,"href":"https:\/\/slicecube.com\/pl\/wp-json\/wp\/v2\/users\/1"}],"replies":[{"embeddable":true,"href":"https:\/\/slicecube.com\/pl\/wp-json\/wp\/v2\/comments?post=993"}],"version-history":[{"count":1,"href":"https:\/\/slicecube.com\/pl\/wp-json\/wp\/v2\/pages\/993\/revisions"}],"predecessor-version":[{"id":998,"href":"https:\/\/slicecube.com\/pl\/wp-json\/wp\/v2\/pages\/993\/revisions\/998"}],"wp:attachment":[{"href":"https:\/\/slicecube.com\/pl\/wp-json\/wp\/v2\/media?parent=993"}],"curies":[{"name":"wp","href":"https:\/\/api.w.org\/{rel}","templated":true}]}}