{"id":983,"date":"2021-07-20T12:16:27","date_gmt":"2021-07-20T10:16:27","guid":{"rendered":"https:\/\/beta.slicecube.com\/works\/"},"modified":"2021-10-14T13:14:12","modified_gmt":"2021-10-14T11:14:12","slug":"projekty","status":"publish","type":"page","link":"https:\/\/slicecube.com\/pl\/projekty\/","title":{"rendered":"Projekty"},"content":{"rendered":"\n<p>To nasze wyselekcjonowane portfolio. Obejrzyj wszystko lub znajd\u017a tylko to co Ciebie interesuje. Nie zapomnij zajrze\u0107 na portale spo\u0142eczno\u015bciowe. S\u0105 tam dodatkowe materia\u0142y, kt\u00f3rych nie znajdziesz tutaj. \u017byczymy mi\u0142ego ogl\u0105dania.<\/p>\n","protected":false},"excerpt":{"rendered":"<p>To nasze wyselekcjonowane portfolio. Obejrzyj wszystko lub znajd\u017a tylko to co Ciebie interesuje. Nie zapomnij zajrze\u0107 na portale spo\u0142eczno\u015bciowe. S\u0105 tam dodatkowe materia\u0142y, kt\u00f3rych nie znajdziesz tutaj. \u017byczymy mi\u0142ego ogl\u0105dania.<\/p>\n","protected":false},"author":1,"featured_media":0,"parent":0,"menu_order":0,"comment_status":"closed","ping_status":"closed","template":"template_works.php","meta":{"footnotes":""},"class_list":["post-983","page","type-page","status-publish","hentry"],"_links":{"self":[{"href":"https:\/\/slicecube.com\/pl\/wp-json\/wp\/v2\/pages\/983"}],"collection":[{"href":"https:\/\/slicecube.com\/pl\/wp-json\/wp\/v2\/pages"}],"about":[{"href":"https:\/\/slicecube.com\/pl\/wp-json\/wp\/v2\/types\/page"}],"author":[{"embeddable":true,"href":"https:\/\/slicecube.com\/pl\/wp-json\/wp\/v2\/users\/1"}],"replies":[{"embeddable":true,"href":"https:\/\/slicecube.com\/pl\/wp-json\/wp\/v2\/comments?post=983"}],"version-history":[{"count":2,"href":"https:\/\/slicecube.com\/pl\/wp-json\/wp\/v2\/pages\/983\/revisions"}],"predecessor-version":[{"id":1053,"href":"https:\/\/slicecube.com\/pl\/wp-json\/wp\/v2\/pages\/983\/revisions\/1053"}],"wp:attachment":[{"href":"https:\/\/slicecube.com\/pl\/wp-json\/wp\/v2\/media?parent=983"}],"curies":[{"name":"wp","href":"https:\/\/api.w.org\/{rel}","templated":true}]}}